{"id":48,"date":"2020-05-03T02:58:46","date_gmt":"2020-05-03T00:58:46","guid":{"rendered":"http:\/\/ecoleduvillage-erezee.be\/?page_id=48"},"modified":"2023-09-25T13:58:14","modified_gmt":"2023-09-25T11:58:14","slug":"gymnastique","status":"publish","type":"page","link":"https:\/\/ecoleduvillage-erezee.be\/index.php\/gymnastique\/","title":{"rendered":"\u00c9ducation physique"},"content":{"rendered":"<p style=\"text-align: center;\"><span style=\"font-size: 14pt; color: #33cccc;\"><strong>Au cours d\u2019\u00e9ducation physique, on s\u2019amuse\u2026<\/strong><\/span><br \/>\n<span style=\"font-size: 14pt; color: #33cccc;\"><strong>Mais on travaille aussi !<\/strong><\/span><\/p>\n<p>Durant les mois de septembre et octobre, l\u2019endurance sous toutes ses formes (jeux, courses, cross dans les bois\u2026) sera pratiqu\u00e9e afin de pr\u00e9parer les \u00e9l\u00e8ves au cross d\u2019automne organis\u00e9 par l\u2019ADEPS.<\/p>\n<p>Ensuite, durant les mois suivant jusqu\u2019au printemps, nous partirons vers des sports plus traditionnels (basket-ball, unihoc, gymnastique sportive, etc\u2026).<\/p>\n<p>Nous ouvrons \u00e9galement la porte \u00e0 de nouveaux sports qui sont en plaine expansion et qui plaisent vraiment aux jeunes (parkour, course d\u2019orientation\/ trail, ultimate frisbee, cross canadienne, tchoukball, korfball, etc\u2026). Sans oublier les sports raquettes qui seront de la partie bien s\u00fbr.<\/p>\n<p>Si vous pensez qu\u2019un 2000 M pour votre enfant est impossible et bien d\u00e9trompez-vous. Car la natation est de rigueur tout au long de l\u2019ann\u00e9e une semaine sur deux. Durant ces s\u00e9ances, tant les d\u00e9butants que les professionnels en herbe vont perfectionner leurs techniques en vue d\u2019un brevet. Des notions de sauvetage sont \u00e9galement au programme pour pimenter ce cours.<\/p>\n<p>Durant ces cours d\u2019\u00e9ducation physique, la musique est un atout majeur. Celle-ci permet de sortir de sa bulle, d\u2019\u00eatre plus d\u00e9contract\u00e9 pour les timides mais bien s\u00fbr de rendre la le\u00e7on plus attractive.<\/p>\n<p>Le fair-play, l\u2019esprit d\u2019\u00e9quipe et le d\u00e9passement de soi font partie des valeurs \u00e0 mettre en \u00e9vidence dans ce cours. Certaines activit\u00e9s permettent de sortir du cadre et prendre une bouff\u00e9e d\u2019oxyg\u00e8ne.<\/p>\n<p>Et enfin, pour terminer la scolarit\u00e9 \u00ab des mini rh\u00e9tos \u00bb, ceux-ci auront l\u2019opportunit\u00e9 de participer \u00e0 la \u00ab Erez\u00e9e Kids Run \u00bb.\u00a0 \u00c9v\u00e9nement cr\u00e9\u00e9 et mis en place par M. Denis Cr\u00e8vecoeur et M. Vincent Collard avec le soutien de la commune et de l\u2019 ARMBB section animation.<\/p>\n<p>Mr Vincent<\/p>\n<p><img loading=\"lazy\" class=\"alignnone  wp-image-488\" src=\"http:\/\/ecoleduvillage-erezee.be\/wp-content\/uploads\/2023\/09\/Photo-Vincent-576x1024.jpg\" alt=\"\" width=\"103\" height=\"183\" srcset=\"https:\/\/ecoleduvillage-erezee.be\/wp-content\/uploads\/2023\/09\/Photo-Vincent-576x1024.jpg 576w, https:\/\/ecoleduvillage-erezee.be\/wp-content\/uploads\/2023\/09\/Photo-Vincent-169x300.jpg 169w, https:\/\/ecoleduvillage-erezee.be\/wp-content\/uploads\/2023\/09\/Photo-Vincent-768x1365.jpg 768w, https:\/\/ecoleduvillage-erezee.be\/wp-content\/uploads\/2023\/09\/Photo-Vincent-864x1536.jpg 864w, https:\/\/ecoleduvillage-erezee.be\/wp-content\/uploads\/2023\/09\/Photo-Vincent-870x1547.jpg 870w, https:\/\/ecoleduvillage-erezee.be\/wp-content\/uploads\/2023\/09\/Photo-Vincent.jpg 1080w\" sizes=\"(max-width: 103px) 100vw, 103px\" \/><\/p>\n","protected":false},"excerpt":{"rendered":"<p>Au cours d\u2019\u00e9ducation physique, on s\u2019amuse\u2026 Mais on travaille aussi ! Durant les mois de septembre et octobre, l\u2019endurance sous toutes ses formes (jeux, courses, cross dans les bois\u2026) sera pratiqu\u00e9e afin de pr\u00e9parer les \u00e9l\u00e8ves au cross d\u2019automne organis\u00e9 par l\u2019ADEPS. Ensuite, durant les mois suivant jusqu\u2019au printemps, nous partirons vers des sports plus &hellip; <\/p>\n<p><a class=\"more-link btn\" href=\"https:\/\/ecoleduvillage-erezee.be\/index.php\/gymnastique\/\">Continue reading<\/a><\/p>\n","protected":false},"author":1,"featured_media":0,"parent":0,"menu_order":0,"comment_status":"closed","ping_status":"closed","template":"","meta":[],"_links":{"self":[{"href":"https:\/\/ecoleduvillage-erezee.be\/index.php\/wp-json\/wp\/v2\/pages\/48"}],"collection":[{"href":"https:\/\/ecoleduvillage-erezee.be\/index.php\/wp-json\/wp\/v2\/pages"}],"about":[{"href":"https:\/\/ecoleduvillage-erezee.be\/index.php\/wp-json\/wp\/v2\/types\/page"}],"author":[{"embeddable":true,"href":"https:\/\/ecoleduvillage-erezee.be\/index.php\/wp-json\/wp\/v2\/users\/1"}],"replies":[{"embeddable":true,"href":"https:\/\/ecoleduvillage-erezee.be\/index.php\/wp-json\/wp\/v2\/comments?post=48"}],"version-history":[{"count":10,"href":"https:\/\/ecoleduvillage-erezee.be\/index.php\/wp-json\/wp\/v2\/pages\/48\/revisions"}],"predecessor-version":[{"id":489,"href":"https:\/\/ecoleduvillage-erezee.be\/index.php\/wp-json\/wp\/v2\/pages\/48\/revisions\/489"}],"wp:attachment":[{"href":"https:\/\/ecoleduvillage-erezee.be\/index.php\/wp-json\/wp\/v2\/media?parent=48"}],"curies":[{"name":"wp","href":"https:\/\/api.w.org\/{rel}","templated":true}]}}