{"id":6,"date":"2020-05-03T01:39:48","date_gmt":"2020-05-02T23:39:48","guid":{"rendered":"http:\/\/ecoleduvillage-erezee.be\/?page_id=6"},"modified":"2026-01-26T10:53:19","modified_gmt":"2026-01-26T09:53:19","slug":"presentation-de-lecole","status":"publish","type":"page","link":"https:\/\/ecoleduvillage-erezee.be\/index.php\/presentation-de-lecole\/","title":{"rendered":"Pr\u00e9sentation de l&#8217;\u00e9cole"},"content":{"rendered":"<p><span style=\"color: #00ccff;\"><strong><span style=\"vertical-align: inherit;\"><span style=\"vertical-align: inherit;\"><span style=\"vertical-align: inherit;\"><span style=\"vertical-align: inherit;\"><span style=\"vertical-align: inherit;\"><span style=\"vertical-align: inherit;\"><span style=\"vertical-align: inherit;\"><span style=\"vertical-align: inherit;\">Horaire des cours :<\/span><\/span><\/span><\/span><\/span><\/span><\/span><\/span><\/strong><\/span><\/p>\n<p><span style=\"vertical-align: inherit;\"><span style=\"vertical-align: inherit;\"><span style=\"vertical-align: inherit;\"><span style=\"vertical-align: inherit;\"><span style=\"vertical-align: inherit;\"><span style=\"vertical-align: inherit;\"><span style=\"vertical-align: inherit;\"><span style=\"vertical-align: inherit;\">Les matin\u00e9es : de 8h35 \u00e0 12h15<\/span><\/span><\/span><\/span><\/span><\/span><\/span><\/span><\/p>\n<div id=\"attachment_183\" style=\"width: 300px\" class=\"wp-caption alignright\"><img aria-describedby=\"caption-attachment-183\" loading=\"lazy\" class=\"size-medium wp-image-183\" src=\"http:\/\/ecoleduvillage-erezee.be\/wp-content\/uploads\/2020\/05\/Ecole-Primaire-Erez\u00e9e-300x225.jpg\" alt=\"\" width=\"300\" height=\"225\" srcset=\"https:\/\/ecoleduvillage-erezee.be\/wp-content\/uploads\/2020\/05\/Ecole-Primaire-Erez\u00e9e-300x225.jpg 300w, https:\/\/ecoleduvillage-erezee.be\/wp-content\/uploads\/2020\/05\/Ecole-Primaire-Erez\u00e9e-768x576.jpg 768w, https:\/\/ecoleduvillage-erezee.be\/wp-content\/uploads\/2020\/05\/Ecole-Primaire-Erez\u00e9e-1024x768.jpg 1024w\" sizes=\"(max-width: 300px) 100vw, 300px\" \/><p id=\"caption-attachment-183\" class=\"wp-caption-text\"><span style=\"vertical-align: inherit;\"><span style=\"vertical-align: inherit;\"><span style=\"vertical-align: inherit;\"><span style=\"vertical-align: inherit;\"><span style=\"vertical-align: inherit;\"><span style=\"vertical-align: inherit;\"><span style=\"vertical-align: inherit;\"><span style=\"vertical-align: inherit;\">L&#8217;\u00e9cole primaire<\/span><\/span><\/span><\/span><\/span><\/span><\/span><\/span><\/p><\/div>\n<p><span style=\"vertical-align: inherit;\"><span style=\"vertical-align: inherit;\"><span style=\"vertical-align: inherit;\"><span style=\"vertical-align: inherit;\"><span style=\"vertical-align: inherit;\"><span style=\"vertical-align: inherit;\"><span style=\"vertical-align: inherit;\"><span style=\"vertical-align: inherit;\">Les apr\u00e8s-midi : de 13h30 \u00e0 15h30<\/span><\/span><\/span><\/span><\/span><\/span><\/span><\/span><\/p>\n<p><span style=\"vertical-align: inherit;\"><span style=\"vertical-align: inherit;\"><span style=\"vertical-align: inherit;\"><span style=\"vertical-align: inherit;\"><span style=\"vertical-align: inherit;\"><span style=\"vertical-align: inherit;\"><span style=\"vertical-align: inherit;\"><span style=\"vertical-align: inherit;\">Tous les enfants doivent \u00eatre pr\u00e9sents 5 minutes au moins avant le d\u00e9but du cours.<\/span><\/span><\/span><\/span><\/span><\/span><\/span><\/span><\/p>\n<p><span style=\"color: #00ccff;\"><strong><span style=\"vertical-align: inherit;\"><span style=\"vertical-align: inherit;\"><span style=\"vertical-align: inherit;\"><span style=\"vertical-align: inherit;\"><span style=\"vertical-align: inherit;\"><span style=\"vertical-align: inherit;\"><span style=\"vertical-align: inherit;\"><span style=\"vertical-align: inherit;\">Les garderies ( horaires et paiements)<\/span><\/span><\/span><\/span><\/span><\/span><\/span><\/span><\/strong><\/span><\/p>\n<p><span style=\"vertical-align: inherit;\"><span style=\"vertical-align: inherit;\"><span style=\"vertical-align: inherit;\"><span style=\"vertical-align: inherit;\"><span style=\"vertical-align: inherit;\"><span style=\"vertical-align: inherit;\"><span style=\"vertical-align: inherit;\"><span style=\"vertical-align: inherit;\">Le matin : de 7h30 \u00e0 8h30 <\/span><\/span><\/span><\/span><\/span><\/span><\/span><\/span><br \/>\n<span style=\"vertical-align: inherit;\"><span style=\"vertical-align: inherit;\"><span style=\"vertical-align: inherit;\"><span style=\"vertical-align: inherit;\"><span style=\"vertical-align: inherit;\"><span style=\"vertical-align: inherit;\"><span style=\"vertical-align: inherit;\"><span style=\"vertical-align: inherit;\">Le soir : de 15h45 \u00e0 17h45. <\/span><\/span><\/span><\/span><\/span><\/span><\/span><\/span><br \/>\n<span style=\"vertical-align: inherit;\"><span style=\"vertical-align: inherit;\"><span style=\"vertical-align: inherit;\"><span style=\"vertical-align: inherit;\"><span style=\"vertical-align: inherit;\"><span style=\"vertical-align: inherit;\"><span style=\"vertical-align: inherit;\"><span style=\"vertical-align: inherit;\">Les garderies sont factur\u00e9es par la Commune au prix de 0,50\u20ac la demi-heure. <\/span><\/span><\/span><\/span><\/span><\/span><\/span><\/span><br \/>\n<span style=\"vertical-align: inherit;\"><span style=\"vertical-align: inherit;\"><span style=\"vertical-align: inherit;\"><span style=\"vertical-align: inherit;\"><span style=\"vertical-align: inherit;\"><span style=\"vertical-align: inherit;\"><span style=\"vertical-align: inherit;\"><span style=\"vertical-align: inherit;\">Un accueil extrascolaire est organis\u00e9 tous les mercredis apr\u00e8s-midi.<\/span><\/span><\/span><\/span><\/span><\/span><\/span><\/span><\/p>\n<p><span style=\"color: #00ccff;\"><strong><span style=\"vertical-align: inherit;\"><span style=\"vertical-align: inherit;\"><span style=\"vertical-align: inherit;\"><span style=\"vertical-align: inherit;\"><span style=\"vertical-align: inherit;\"><span style=\"vertical-align: inherit;\"><span style=\"vertical-align: inherit;\"><span style=\"vertical-align: inherit;\">Le temps de midi<\/span><\/span><\/span><\/span><\/span><\/span><\/span><\/span><\/strong><\/span><\/p>\n<p><span style=\"vertical-align: inherit;\"><span style=\"vertical-align: inherit;\"><span style=\"vertical-align: inherit;\"><span style=\"vertical-align: inherit;\"><span style=\"vertical-align: inherit;\"><span style=\"vertical-align: inherit;\"><span style=\"vertical-align: inherit;\"><span style=\"vertical-align: inherit;\">Un d\u00eener &#8220;tartines&#8221; est organis\u00e9 par l&#8217;\u00e9cole.<\/span><\/span><\/span><\/span><\/span><\/span><\/span><\/span><\/p>\n<p><span style=\"vertical-align: inherit;\"><span style=\"vertical-align: inherit;\"><span style=\"vertical-align: inherit;\"><span style=\"vertical-align: inherit;\"><span style=\"vertical-align: inherit;\"><span style=\"vertical-align: inherit;\"><span style=\"vertical-align: inherit;\"><span style=\"vertical-align: inherit;\">Les enfants ont la possibilit\u00e9 de prendre un bol de potage qui leur est offert, une fois par semaine.<\/span><\/span><\/span><\/span><\/span><\/span><\/span><\/span><\/p>\n<p><span style=\"vertical-align: inherit;\"><span style=\"vertical-align: inherit;\"><span style=\"vertical-align: inherit;\"><span style=\"vertical-align: inherit;\"><span style=\"vertical-align: inherit;\"><span style=\"vertical-align: inherit;\"><span style=\"vertical-align: inherit;\"><span style=\"vertical-align: inherit;\">Un micro-ondes est mis \u00e0 disposition des \u00e9l\u00e8ves afin de r\u00e9chauffer leur repas.<\/span><\/span><\/span><\/span><\/span><\/span><\/span><\/span><\/p>\n<p>&nbsp;<\/p>\n<div id=\"attachment_181\" style=\"width: 300px\" class=\"wp-caption alignnone\"><img aria-describedby=\"caption-attachment-181\" loading=\"lazy\" class=\"size-medium wp-image-181\" src=\"http:\/\/ecoleduvillage-erezee.be\/wp-content\/uploads\/2020\/05\/Ecole-maternelle-Erez\u00e9e-sans-logo-300x225.jpg\" alt=\"\" width=\"300\" height=\"225\" srcset=\"https:\/\/ecoleduvillage-erezee.be\/wp-content\/uploads\/2020\/05\/Ecole-maternelle-Erez\u00e9e-sans-logo-300x225.jpg 300w, https:\/\/ecoleduvillage-erezee.be\/wp-content\/uploads\/2020\/05\/Ecole-maternelle-Erez\u00e9e-sans-logo-768x576.jpg 768w, https:\/\/ecoleduvillage-erezee.be\/wp-content\/uploads\/2020\/05\/Ecole-maternelle-Erez\u00e9e-sans-logo-1024x768.jpg 1024w\" sizes=\"(max-width: 300px) 100vw, 300px\" \/><p id=\"caption-attachment-181\" class=\"wp-caption-text\"><span style=\"vertical-align: inherit;\"><span style=\"vertical-align: inherit;\"><span style=\"vertical-align: inherit;\"><span style=\"vertical-align: inherit;\"><span style=\"vertical-align: inherit;\"><span style=\"vertical-align: inherit;\"><span style=\"vertical-align: inherit;\"><span style=\"vertical-align: inherit;\">L&#8217;\u00e9cole maternelle<\/span><\/span><\/span><\/span><\/span><\/span><\/span><\/span><\/p><\/div>\n<p>&nbsp;<\/p>\n<p><span style=\"color: #00ccff;\"><strong><span style=\"vertical-align: inherit;\"><span style=\"vertical-align: inherit;\"><span style=\"vertical-align: inherit;\"><span style=\"vertical-align: inherit;\"><span style=\"vertical-align: inherit;\"><span style=\"vertical-align: inherit;\"><span style=\"vertical-align: inherit;\"><span style=\"vertical-align: inherit;\">Le projet d&#8217;\u00e9cole<\/span><\/span><\/span><\/span><\/span><\/span><\/span><\/span><\/strong><\/span><\/p>\n<p><a href=\"http:\/\/&quot;C:\\Users\\EC002572\\Documents\\DOCUMENTS RENTREE SCOLAIRE\\2025-2026\\r\u00e8glement des \u00e9tudes et ROI 2025-2026.docx&quot;\" target=\"_blank\" rel=\"noopener noreferrer\"><span style=\"vertical-align: inherit;\"><span style=\"vertical-align: inherit;\"><span style=\"vertical-align: inherit;\"><span style=\"vertical-align: inherit;\"><span style=\"vertical-align: inherit;\"><span style=\"vertical-align: inherit;\"><span style=\"vertical-align: inherit;\"><span style=\"vertical-align: inherit;\">R\u00e8glement des \u00e9tudes et ROI 2<\/span><\/span><\/span><\/span><\/span><\/span><\/span><\/span><\/a><a href=\"http:\/\/&quot;C:\\Users\\EC002572\\Documents\\DOCUMENTS RENTREE SCOLAIRE\\2025-2026\\r\u00e8glement des \u00e9tudes et ROI 2025-2026.docx&quot;\" target=\"_blank\" rel=\"noopener noreferrer\"><span style=\"vertical-align: inherit;\"><span style=\"vertical-align: inherit;\"><span style=\"vertical-align: inherit;\"><span style=\"vertical-align: inherit;\"><span style=\"vertical-align: inherit;\"><span style=\"vertical-align: inherit;\"><span style=\"vertical-align: inherit;\"><span style=\"vertical-align: inherit;\">025-2026<\/span><\/span><\/span><\/span><\/span><\/span><\/span><\/span><\/a><\/p>\n<p><span style=\"color: #00ccff;\"><strong><span style=\"vertical-align: inherit;\"><span style=\"vertical-align: inherit;\"><span style=\"vertical-align: inherit;\"><span style=\"vertical-align: inherit;\"><span style=\"vertical-align: inherit;\"><span style=\"vertical-align: inherit;\"><span style=\"vertical-align: inherit;\"><span style=\"vertical-align: inherit;\">L&#8217;\u00e9quipe \u00e9ducative<\/span><\/span><\/span><\/span><\/span><\/span><\/span><\/span><\/strong><\/span><\/p>\n<p><span style=\"font-size: 14pt;\"><strong><span style=\"vertical-align: inherit;\"><span style=\"vertical-align: inherit;\"><span style=\"vertical-align: inherit;\"><span style=\"vertical-align: inherit;\"><span style=\"vertical-align: inherit;\"><span style=\"vertical-align: inherit;\"><span style=\"vertical-align: inherit;\"><span style=\"vertical-align: inherit;\">Direction<\/span><\/span><\/span><\/span><\/span><\/span><\/span><\/span><\/strong><\/span><span style=\"vertical-align: inherit;\"><span style=\"vertical-align: inherit;\"><span style=\"vertical-align: inherit;\"><span style=\"vertical-align: inherit;\"><span style=\"vertical-align: inherit;\"><span style=\"vertical-align: inherit;\"><span style=\"vertical-align: inherit;\"><span style=\"vertical-align: inherit;\">\u00a0: Madame Anne Silvestre<\/span><\/span><\/span><\/span><\/span><\/span><\/span><\/span><\/p>\n<p><span style=\"font-size: 14pt;\"><strong><span style=\"vertical-align: inherit;\"><span style=\"vertical-align: inherit;\"><span style=\"vertical-align: inherit;\"><span style=\"vertical-align: inherit;\"><span style=\"vertical-align: inherit;\"><span style=\"vertical-align: inherit;\"><span style=\"vertical-align: inherit;\"><span style=\"vertical-align: inherit;\">Institutions maternelles<\/span><\/span><\/span><\/span><\/span><\/span><\/span><\/span><\/strong><span style=\"vertical-align: inherit;\"><span style=\"vertical-align: inherit;\"><span style=\"vertical-align: inherit;\"><span style=\"vertical-align: inherit;\"><span style=\"vertical-align: inherit;\"><span style=\"vertical-align: inherit;\"><span style=\"vertical-align: inherit;\"><span style=\"vertical-align: inherit;\"> :<\/span><\/span><\/span><\/span><\/span><\/span><\/span><\/span><\/span><\/p>\n<p><span style=\"vertical-align: inherit;\"><span style=\"vertical-align: inherit;\"><span style=\"vertical-align: inherit;\"><span style=\"vertical-align: inherit;\"><span style=\"vertical-align: inherit;\"><span style=\"vertical-align: inherit;\"><span style=\"vertical-align: inherit;\"><span style=\"vertical-align: inherit;\">Madame Anne Silvestre<\/span><\/span><\/span><\/span><\/span><\/span><\/span><\/span><\/p>\n<p><span style=\"vertical-align: inherit;\"><span style=\"vertical-align: inherit;\"><span style=\"vertical-align: inherit;\"><span style=\"vertical-align: inherit;\"><span style=\"vertical-align: inherit;\"><span style=\"vertical-align: inherit;\"><span style=\"vertical-align: inherit;\"><span style=\"vertical-align: inherit;\">Madame Alexia Docquier<\/span><\/span><\/span><\/span><\/span><\/span><\/span><\/span><\/p>\n<p>Madame Valentine Verbrugge<\/p>\n<p><span style=\"font-size: 14pt;\"><strong><span style=\"vertical-align: inherit;\"><span style=\"vertical-align: inherit;\"><span style=\"vertical-align: inherit;\"><span style=\"vertical-align: inherit;\"><span style=\"vertical-align: inherit;\"><span style=\"vertical-align: inherit;\"><span style=\"vertical-align: inherit;\"><span style=\"vertical-align: inherit;\">\u00c9coles primaires :<\/span><\/span><\/span><\/span><\/span><\/span><\/span><\/span><\/strong><\/span><\/p>\n<p><span style=\"vertical-align: inherit;\"><span style=\"vertical-align: inherit;\"><span style=\"vertical-align: inherit;\"><span style=\"vertical-align: inherit;\"><span style=\"vertical-align: inherit;\"><span style=\"vertical-align: inherit;\"><span style=\"vertical-align: inherit;\"><span style=\"vertical-align: inherit;\">Madame St\u00e9phanie Adam<\/span><\/span><\/span><\/span><\/span><\/span><\/span><\/span><\/p>\n<p><span style=\"vertical-align: inherit;\"><span style=\"vertical-align: inherit;\"><span style=\"vertical-align: inherit;\"><span style=\"vertical-align: inherit;\"><span style=\"vertical-align: inherit;\"><span style=\"vertical-align: inherit;\"><span style=\"vertical-align: inherit;\"><span style=\"vertical-align: inherit;\">Madame Valentine Delgombe<\/span><\/span><\/span><\/span><\/span><\/span><\/span><\/span><\/p>\n<p>Madame Jo\u00eblle Demaret<\/p>\n<p>Madame Valentine Verbrugge<\/p>\n<p><span style=\"font-size: 14pt;\"><strong><span style=\"vertical-align: inherit;\"><span style=\"vertical-align: inherit;\"><span style=\"vertical-align: inherit;\"><span style=\"vertical-align: inherit;\"><span style=\"vertical-align: inherit;\"><span style=\"vertical-align: inherit;\"><span style=\"vertical-align: inherit;\"><span style=\"vertical-align: inherit;\">Ma\u00eetres sp\u00e9ciaux :<\/span><\/span><\/span><\/span><\/span><\/span><\/span><\/span><\/strong><\/span><\/p>\n<p><span style=\"vertical-align: inherit;\"><span style=\"vertical-align: inherit;\"><span style=\"vertical-align: inherit;\"><span style=\"vertical-align: inherit;\"><span style=\"vertical-align: inherit;\"><span style=\"vertical-align: inherit;\"><span style=\"vertical-align: inherit;\"><span style=\"vertical-align: inherit;\">Madame Sophie Robert (psychomotricienne)<\/span><\/span><\/span><\/span><\/span><\/span><\/span><\/span><\/p>\n<p><span style=\"vertical-align: inherit;\"><span style=\"vertical-align: inherit;\"><span style=\"vertical-align: inherit;\"><span style=\"vertical-align: inherit;\"><span style=\"vertical-align: inherit;\"><span style=\"vertical-align: inherit;\"><span style=\"vertical-align: inherit;\"><span style=\"vertical-align: inherit;\">Monsieur Vincent Collard (professeur d&#8217;\u00e9ducation physique)<\/span><\/span><\/span><\/span><\/span><\/span><\/span><\/span><\/p>\n<p><span style=\"vertical-align: inherit;\"><span style=\"vertical-align: inherit;\"><span style=\"vertical-align: inherit;\"><span style=\"vertical-align: inherit;\"><span style=\"vertical-align: inherit;\"><span style=\"vertical-align: inherit;\"><span style=\"vertical-align: inherit;\"><span style=\"vertical-align: inherit;\">Madame Nadine Godelaine (professeur de n\u00e9erlandais)<\/span><\/span><\/span><\/span><\/span><\/span><\/span><\/span><\/p>\n<p><img loading=\"lazy\" class=\"wp-image-1558 alignleft\" src=\"http:\/\/ecoleduvillage-erezee.be\/wp-content\/uploads\/2026\/01\/photo-enseignantes-e1769419293120.png\" alt=\"\" width=\"556\" height=\"371\" srcset=\"https:\/\/ecoleduvillage-erezee.be\/wp-content\/uploads\/2026\/01\/photo-enseignantes-e1769419293120.png 851w, https:\/\/ecoleduvillage-erezee.be\/wp-content\/uploads\/2026\/01\/photo-enseignantes-e1769419293120-300x200.png 300w, https:\/\/ecoleduvillage-erezee.be\/wp-content\/uploads\/2026\/01\/photo-enseignantes-e1769419293120-768x513.png 768w\" sizes=\"(max-width: 556px) 100vw, 556px\" \/><\/p>\n","protected":false},"excerpt":{"rendered":"<p>Horaire des cours : Les matin\u00e9es : de 8h35 \u00e0 12h15 Les apr\u00e8s-midi : de 13h30 \u00e0 15h30 Tous les enfants doivent \u00eatre pr\u00e9sents 5 minutes au moins avant le d\u00e9but du cours. Les garderies ( horaires et paiements) Le matin : de 7h30 \u00e0 8h30 Le soir : de 15h45 \u00e0 17h45. Les garderies &hellip; <\/p>\n<p><a class=\"more-link btn\" href=\"https:\/\/ecoleduvillage-erezee.be\/index.php\/presentation-de-lecole\/\">Continue reading<\/a><\/p>\n","protected":false},"author":1,"featured_media":0,"parent":0,"menu_order":0,"comment_status":"closed","ping_status":"closed","template":"","meta":[],"_links":{"self":[{"href":"https:\/\/ecoleduvillage-erezee.be\/index.php\/wp-json\/wp\/v2\/pages\/6"}],"collection":[{"href":"https:\/\/ecoleduvillage-erezee.be\/index.php\/wp-json\/wp\/v2\/pages"}],"about":[{"href":"https:\/\/ecoleduvillage-erezee.be\/index.php\/wp-json\/wp\/v2\/types\/page"}],"author":[{"embeddable":true,"href":"https:\/\/ecoleduvillage-erezee.be\/index.php\/wp-json\/wp\/v2\/users\/1"}],"replies":[{"embeddable":true,"href":"https:\/\/ecoleduvillage-erezee.be\/index.php\/wp-json\/wp\/v2\/comments?post=6"}],"version-history":[{"count":29,"href":"https:\/\/ecoleduvillage-erezee.be\/index.php\/wp-json\/wp\/v2\/pages\/6\/revisions"}],"predecessor-version":[{"id":1561,"href":"https:\/\/ecoleduvillage-erezee.be\/index.php\/wp-json\/wp\/v2\/pages\/6\/revisions\/1561"}],"wp:attachment":[{"href":"https:\/\/ecoleduvillage-erezee.be\/index.php\/wp-json\/wp\/v2\/media?parent=6"}],"curies":[{"name":"wp","href":"https:\/\/api.w.org\/{rel}","templated":true}]}}